{"id":325,"date":"2018-11-01T13:30:02","date_gmt":"2018-11-01T13:30:02","guid":{"rendered":"http:\/\/brainbizz.webgeniuslab.net\/?page_id=325"},"modified":"2023-11-09T07:12:51","modified_gmt":"2023-11-09T06:12:51","slug":"contacts","status":"publish","type":"page","link":"https:\/\/cimko.cd\/?page_id=325","title":{"rendered":"Contacts"},"content":{"rendered":"[vc_row css=&#8221;.vc_custom_1541081633863{margin-top: -20px !important;}&#8221;][vc_column][wgl_spacing spacer_size=&#8221;30px&#8221;][wgl_double_headings align=&#8221;center&#8221; title_color=&#8221;#151515&#8243; subtitle_color=&#8221;#22a2d1&#8243; title=&#8221;Contacter Nous Maintenant&#8221; subtitle=&#8221;Restons en contact&#8221;][wgl_spacing spacer_size=&#8221;21&#8243;][vc_row_inner][vc_column_inner offset=&#8221;vc_col-lg-offset-2 vc_col-lg-8&#8243;][vc_column_text]\n<p style=\"text-align: center;\"><span class=\"Y2IQFc\" lang=\"fr\">Nos collaborateurs uniques et passionn\u00e9s travaillent aux c\u00f4t\u00e9s de nos clients \u00e0 chaque \u00e9tape du processus &#8211; en se souciant davantage, en le disant tel qu&#8217;il est &#8211; pour anticiper et surmonter tous les obstacles au changement.<\/span><\/p>\n[\/vc_column_text][\/vc_column_inner][\/vc_row_inner][wgl_spacing spacer_size=&#8221;40px&#8221;][\/vc_column][\/vc_row][vc_row][vc_column width=&#8221;1\/2&#8243; offset=&#8221;vc_col-md-4&#8243;][wgl_info_box ib_type=&#8221;tile&#8221; ib_align=&#8221;center&#8221; read_more_text=&#8221;Appelez nous&#8221; read_more_offset=&#8221;10&#8243; icon_type=&#8221;font&#8221; icon_font_type=&#8221;type_flaticon&#8221; icon_flaticon=&#8221;flaticon-smartphone&#8221; tile_content_color_hover=&#8221;&#8221; tile_bg_color_type=&#8221;color&#8221; tile_bg_color=&#8221;#f6f4f0&#8243; tile_bg_color_hover=&#8221;#f6f4f0&#8243; title_bot_offset=&#8221;2&#8243; ib_content=&#8221;Sam 8h30 \u00e0 13h30&#8243; add_read_more=&#8221;true&#8221; custom_tile_colors=&#8221;true&#8221; add_read_more_offset=&#8221;true&#8221; custom_icon_size=&#8221;50&#8243; ib_subtitle=&#8221;Lun &#8211; Ven 8h30 \u00e0 16h00&#8243;][wgl_spacing spacer_size=&#8221;30px&#8221;][\/vc_column][vc_column width=&#8221;1\/2&#8243; offset=&#8221;vc_col-md-4&#8243;][wgl_info_box ib_type=&#8221;tile&#8221; ib_align=&#8221;center&#8221; read_more_text=&#8221;Restons en contact&#8221; read_more_offset=&#8221;10&#8243; icon_type=&#8221;font&#8221; icon_font_type=&#8221;type_flaticon&#8221; icon_flaticon=&#8221;flaticon-world-1&#8243; tile_content_color_hover=&#8221;&#8221; tile_bg_color_type=&#8221;color&#8221; tile_bg_color=&#8221;#f6f4f0&#8243; tile_bg_color_hover=&#8221;#f6f4f0&#8243; title_bot_offset=&#8221;2&#8243; ib_title=&#8221;01, Avenue Ngongo-Lutete, Concession RAFI&#8221; ib_content=&#8221;Sam 8h30 \u00e0 13h30&#8243; add_read_more=&#8221;true&#8221; custom_tile_colors=&#8221;true&#8221; add_read_more_offset=&#8221;true&#8221; custom_icon_size=&#8221;50&#8243; ib_subtitle=&#8221;Lun &#8211; Ven 8h30 \u00e0 16h00&#8243;][wgl_spacing spacer_size=&#8221;30px&#8221;][\/vc_column][vc_column width=&#8221;1\/2&#8243; offset=&#8221;vc_col-md-offset-0 vc_col-md-4 vc_col-sm-offset-3&#8243;][wgl_info_box ib_type=&#8221;tile&#8221; ib_align=&#8221;center&#8221; read_more_text=&#8221;Ecrivez nous&#8221; read_more_offset=&#8221;10&#8243; icon_type=&#8221;font&#8221; icon_font_type=&#8221;type_flaticon&#8221; icon_flaticon=&#8221;flaticon-plane&#8221; tile_content_color_hover=&#8221;&#8221; tile_bg_color_type=&#8221;color&#8221; tile_bg_color=&#8221;#f6f4f0&#8243; tile_bg_color_hover=&#8221;#f6f4f0&#8243; title_bot_offset=&#8221;2&#8243; ib_title=&#8221;administration@cimko.cd<br \/>\ninfo@cimko.cd<br \/>\ncommercial@cimko.cd&#8221; ib_content=&#8221;Sam 8h30 \u00e0 13h30&#8243; add_read_more=&#8221;true&#8221; custom_tile_colors=&#8221;true&#8221; add_read_more_offset=&#8221;true&#8221; custom_icon_size=&#8221;50&#8243; ib_subtitle=&#8221;Lun &#8211; Ven 8h30 \u00e0 16h00&#8243;][wgl_spacing spacer_size=&#8221;30px&#8221;][\/vc_column][\/vc_row][vc_row el_class=&#8221;box-shadow z-index-1 ohidden acenter&#8221; css=&#8221;.vc_custom_1541081401722{margin-bottom: -120px !important;padding-right: 5% !important;padding-left: 5% !important;background-color: #ffffff !important;}&#8221;][vc_column][wgl_spacing spacer_size=&#8221;30px&#8221;][vc_tta_tabs alignment=&#8221;center&#8221; active_section=&#8221;1&#8243;][vc_tta_section title=&#8221;Info&#8221; tab_id=&#8221;1629371740057-a92e1aeb-0ce3&#8243;]\n<div class=\"wpcf7 no-js\" id=\"wpcf7-f335-o1\" lang=\"en-US\" dir=\"ltr\">\n<div class=\"screen-reader-response\"><p role=\"status\" aria-live=\"polite\" aria-atomic=\"true\"><\/p> <ul><\/ul><\/div>\n<form action=\"\/index.php?rest_route=%2Fwp%2Fv2%2Fpages%2F325#wpcf7-f335-o1\" method=\"post\" class=\"wpcf7-form init\" aria-label=\"Contact form\" novalidate=\"novalidate\" data-status=\"init\">\n<div style=\"display: none;\">\n<input type=\"hidden\" name=\"_wpcf7\" value=\"335\" \/>\n<input type=\"hidden\" name=\"_wpcf7_version\" value=\"5.7.5.1\" \/>\n<input type=\"hidden\" name=\"_wpcf7_locale\" value=\"en_US\" \/>\n<input type=\"hidden\" name=\"_wpcf7_unit_tag\" value=\"wpcf7-f335-o1\" \/>\n<input type=\"hidden\" name=\"_wpcf7_container_post\" value=\"0\" \/>\n<input type=\"hidden\" name=\"_wpcf7_posted_data_hash\" value=\"\" \/>\n<\/div>\n<p><span class=\"wpcf7-form-control-wrap\" data-name=\"menu-260\"><select class=\"wpcf7-form-control wpcf7-select\" aria-invalid=\"false\" name=\"menu-260\"><option value=\"R\u00e9clamation\">R\u00e9clamation<\/option><option value=\"Suggestion\">Suggestion<\/option><option value=\"Commande\">Commande<\/option><option value=\"Autres\">Autres<\/option><\/select><\/span>\n<\/p>\n<div class='row'>\n\t<div class='wgl_col-6'>\n\t\t<p><span class=\"wpcf7-form-control-wrap\" data-name=\"text-759\"><input size=\"40\" class=\"wpcf7-form-control wpcf7-text\" aria-invalid=\"false\" placeholder=\"Nom*\" value=\"\" type=\"text\" name=\"text-759\" \/><\/span>\n\t\t<\/p>\n\t<\/div>\n\t<div class='wgl_col-6'>\n\t\t<p><span class=\"wpcf7-form-control-wrap\" data-name=\"email-613\"><input size=\"40\" class=\"wpcf7-form-control wpcf7-text wpcf7-email wpcf7-validates-as-email\" aria-invalid=\"false\" placeholder=\"Email*\" value=\"\" type=\"email\" name=\"email-613\" \/><\/span>\n\t\t<\/p>\n\t<\/div>\n\t<div class='wgl_col-6'>\n\t\t<p><span class=\"wpcf7-form-control-wrap\" data-name=\"text-759\"><input size=\"40\" class=\"wpcf7-form-control wpcf7-text\" aria-invalid=\"false\" placeholder=\"T\u00e9lephone*\" value=\"\" type=\"text\" name=\"text-759\" \/><\/span>\n\t\t<\/p>\n\t<\/div>\n\t<div class='wgl_col-6'>\n\t\t<p><span class=\"wpcf7-form-control-wrap\" data-name=\"email-613\"><input size=\"40\" class=\"wpcf7-form-control wpcf7-text wpcf7-email wpcf7-validates-as-email\" aria-invalid=\"false\" placeholder=\"site\" value=\"\" type=\"email\" name=\"email-613\" \/><\/span>\n\t\t<\/p>\n\t<\/div>\n\t<div class='wgl_col-12'>\n\t\t<p><span class=\"wpcf7-form-control-wrap\" data-name=\"textarea-789\"><textarea cols=\"40\" rows=\"5\" class=\"wpcf7-form-control wpcf7-textarea\" aria-invalid=\"false\" placeholder=\"Message\" name=\"textarea-789\"><\/textarea><\/span>\n\t\t<\/p>\n\t<\/div>\n<\/div>\n<p><input class=\"wpcf7-form-control has-spinner wpcf7-submit\" type=\"submit\" value=\"ENVOYER\" \/>\n<\/p><div class=\"wpcf7-response-output\" aria-hidden=\"true\"><\/div>\n<\/form>\n<\/div>\n[\/vc_tta_section][vc_tta_section title=&#8221;Administration&#8221; tab_id=&#8221;1629371740085-6846bfa1-c27f&#8221;]\n<div class=\"wpcf7 no-js\" id=\"wpcf7-f335-o2\" lang=\"en-US\" dir=\"ltr\">\n<div class=\"screen-reader-response\"><p role=\"status\" aria-live=\"polite\" aria-atomic=\"true\"><\/p> <ul><\/ul><\/div>\n<form action=\"\/index.php?rest_route=%2Fwp%2Fv2%2Fpages%2F325#wpcf7-f335-o2\" method=\"post\" class=\"wpcf7-form init\" aria-label=\"Contact form\" novalidate=\"novalidate\" data-status=\"init\">\n<div style=\"display: none;\">\n<input type=\"hidden\" name=\"_wpcf7\" value=\"335\" \/>\n<input type=\"hidden\" name=\"_wpcf7_version\" value=\"5.7.5.1\" \/>\n<input type=\"hidden\" name=\"_wpcf7_locale\" value=\"en_US\" \/>\n<input type=\"hidden\" name=\"_wpcf7_unit_tag\" value=\"wpcf7-f335-o2\" \/>\n<input type=\"hidden\" name=\"_wpcf7_container_post\" value=\"0\" \/>\n<input type=\"hidden\" name=\"_wpcf7_posted_data_hash\" value=\"\" \/>\n<\/div>\n<p><span class=\"wpcf7-form-control-wrap\" data-name=\"menu-260\"><select class=\"wpcf7-form-control wpcf7-select\" aria-invalid=\"false\" name=\"menu-260\"><option value=\"R\u00e9clamation\">R\u00e9clamation<\/option><option value=\"Suggestion\">Suggestion<\/option><option value=\"Commande\">Commande<\/option><option value=\"Autres\">Autres<\/option><\/select><\/span>\n<\/p>\n<div class='row'>\n\t<div class='wgl_col-6'>\n\t\t<p><span class=\"wpcf7-form-control-wrap\" data-name=\"text-759\"><input size=\"40\" class=\"wpcf7-form-control wpcf7-text\" aria-invalid=\"false\" placeholder=\"Nom*\" value=\"\" type=\"text\" name=\"text-759\" \/><\/span>\n\t\t<\/p>\n\t<\/div>\n\t<div class='wgl_col-6'>\n\t\t<p><span class=\"wpcf7-form-control-wrap\" data-name=\"email-613\"><input size=\"40\" class=\"wpcf7-form-control wpcf7-text wpcf7-email wpcf7-validates-as-email\" aria-invalid=\"false\" placeholder=\"Email*\" value=\"\" type=\"email\" name=\"email-613\" \/><\/span>\n\t\t<\/p>\n\t<\/div>\n\t<div class='wgl_col-6'>\n\t\t<p><span class=\"wpcf7-form-control-wrap\" data-name=\"text-759\"><input size=\"40\" class=\"wpcf7-form-control wpcf7-text\" aria-invalid=\"false\" placeholder=\"T\u00e9lephone*\" value=\"\" type=\"text\" name=\"text-759\" \/><\/span>\n\t\t<\/p>\n\t<\/div>\n\t<div class='wgl_col-6'>\n\t\t<p><span class=\"wpcf7-form-control-wrap\" data-name=\"email-613\"><input size=\"40\" class=\"wpcf7-form-control wpcf7-text wpcf7-email wpcf7-validates-as-email\" aria-invalid=\"false\" placeholder=\"site\" value=\"\" type=\"email\" name=\"email-613\" \/><\/span>\n\t\t<\/p>\n\t<\/div>\n\t<div class='wgl_col-12'>\n\t\t<p><span class=\"wpcf7-form-control-wrap\" data-name=\"textarea-789\"><textarea cols=\"40\" rows=\"5\" class=\"wpcf7-form-control wpcf7-textarea\" aria-invalid=\"false\" placeholder=\"Message\" name=\"textarea-789\"><\/textarea><\/span>\n\t\t<\/p>\n\t<\/div>\n<\/div>\n<p><input class=\"wpcf7-form-control has-spinner wpcf7-submit\" type=\"submit\" value=\"ENVOYER\" \/>\n<\/p><div class=\"wpcf7-response-output\" aria-hidden=\"true\"><\/div>\n<\/form>\n<\/div>\n[\/vc_tta_section][vc_tta_section title=&#8221;Commerciale&#8221; tab_id=&#8221;1629371769018-10ecd260-d925&#8243;]\n<div class=\"wpcf7 no-js\" id=\"wpcf7-f335-o3\" lang=\"en-US\" dir=\"ltr\">\n<div class=\"screen-reader-response\"><p role=\"status\" aria-live=\"polite\" aria-atomic=\"true\"><\/p> <ul><\/ul><\/div>\n<form action=\"\/index.php?rest_route=%2Fwp%2Fv2%2Fpages%2F325#wpcf7-f335-o3\" method=\"post\" class=\"wpcf7-form init\" aria-label=\"Contact form\" novalidate=\"novalidate\" data-status=\"init\">\n<div style=\"display: none;\">\n<input type=\"hidden\" name=\"_wpcf7\" value=\"335\" \/>\n<input type=\"hidden\" name=\"_wpcf7_version\" value=\"5.7.5.1\" \/>\n<input type=\"hidden\" name=\"_wpcf7_locale\" value=\"en_US\" \/>\n<input type=\"hidden\" name=\"_wpcf7_unit_tag\" value=\"wpcf7-f335-o3\" \/>\n<input type=\"hidden\" name=\"_wpcf7_container_post\" value=\"0\" \/>\n<input type=\"hidden\" name=\"_wpcf7_posted_data_hash\" value=\"\" \/>\n<\/div>\n<p><span class=\"wpcf7-form-control-wrap\" data-name=\"menu-260\"><select class=\"wpcf7-form-control wpcf7-select\" aria-invalid=\"false\" name=\"menu-260\"><option value=\"R\u00e9clamation\">R\u00e9clamation<\/option><option value=\"Suggestion\">Suggestion<\/option><option value=\"Commande\">Commande<\/option><option value=\"Autres\">Autres<\/option><\/select><\/span>\n<\/p>\n<div class='row'>\n\t<div class='wgl_col-6'>\n\t\t<p><span class=\"wpcf7-form-control-wrap\" data-name=\"text-759\"><input size=\"40\" class=\"wpcf7-form-control wpcf7-text\" aria-invalid=\"false\" placeholder=\"Nom*\" value=\"\" type=\"text\" name=\"text-759\" \/><\/span>\n\t\t<\/p>\n\t<\/div>\n\t<div class='wgl_col-6'>\n\t\t<p><span class=\"wpcf7-form-control-wrap\" data-name=\"email-613\"><input size=\"40\" class=\"wpcf7-form-control wpcf7-text wpcf7-email wpcf7-validates-as-email\" aria-invalid=\"false\" placeholder=\"Email*\" value=\"\" type=\"email\" name=\"email-613\" \/><\/span>\n\t\t<\/p>\n\t<\/div>\n\t<div class='wgl_col-6'>\n\t\t<p><span class=\"wpcf7-form-control-wrap\" data-name=\"text-759\"><input size=\"40\" class=\"wpcf7-form-control wpcf7-text\" aria-invalid=\"false\" placeholder=\"T\u00e9lephone*\" value=\"\" type=\"text\" name=\"text-759\" \/><\/span>\n\t\t<\/p>\n\t<\/div>\n\t<div class='wgl_col-6'>\n\t\t<p><span class=\"wpcf7-form-control-wrap\" data-name=\"email-613\"><input size=\"40\" class=\"wpcf7-form-control wpcf7-text wpcf7-email wpcf7-validates-as-email\" aria-invalid=\"false\" placeholder=\"site\" value=\"\" type=\"email\" name=\"email-613\" \/><\/span>\n\t\t<\/p>\n\t<\/div>\n\t<div class='wgl_col-12'>\n\t\t<p><span class=\"wpcf7-form-control-wrap\" data-name=\"textarea-789\"><textarea cols=\"40\" rows=\"5\" class=\"wpcf7-form-control wpcf7-textarea\" aria-invalid=\"false\" placeholder=\"Message\" name=\"textarea-789\"><\/textarea><\/span>\n\t\t<\/p>\n\t<\/div>\n<\/div>\n<p><input class=\"wpcf7-form-control has-spinner wpcf7-submit\" type=\"submit\" value=\"ENVOYER\" \/>\n<\/p><div class=\"wpcf7-response-output\" aria-hidden=\"true\"><\/div>\n<\/form>\n<\/div>\n[\/vc_tta_section][\/vc_tta_tabs][wgl_spacing spacer_size=&#8221;30px&#8221;][\/vc_column][\/vc_row][vc_row full_width=&#8221;stretch_row_content_no_spaces&#8221; css=&#8221;.vc_custom_1539335789393{margin-bottom: -40px !important;}&#8221;][vc_column css=&#8221;.vc_custom_1539335392176{padding-top: 0px !important;}&#8221;][\/vc_column][\/vc_row]\n","protected":false},"excerpt":{"rendered":"<p>[vc_row css=&#8221;.vc_custom_1541081633863{margin-top: -20px !important;}&#8221;][vc_column][wgl_spacing spacer_size=&#8221;30px&#8221;][wgl_double_headings align=&#8221;center&#8221; title_color=&#8221;#151515&#8243; subtitle_color=&#8221;#22a2d1&#8243; title=&#8221;Contacter Nous Maintenant&#8221; subtitle=&#8221;Restons en contact&#8221;][wgl_spacing spacer_size=&#8221;21&#8243;][vc_row_inner][vc_column_inner offset=&#8221;vc_col-lg-offset-2 vc_col-lg-8&#8243;][vc_column_text] Nos collaborateurs uniques et passionn\u00e9s travaillent aux c\u00f4t\u00e9s de nos clients \u00e0 chaque \u00e9tape du processus &#8211; en se souciant davantage, en le disant tel qu&#8217;il est &#8211; pour anticiper et surmonter tous les obstacles au changement. [\/vc_column_text][\/vc_column_inner][\/vc_row_inner][wgl_spacing [&hellip;]<\/p>\n","protected":false},"author":1,"featured_media":0,"parent":0,"menu_order":0,"comment_status":"closed","ping_status":"closed","template":"","meta":[],"yoast_head":"<!-- This site is optimized with the Yoast SEO plugin v20.4 - https:\/\/yoast.com\/wordpress\/plugins\/seo\/ -->\n<title>Contacts - cimko<\/title>\n<meta name=\"robots\" content=\"index, follow, max-snippet:-1, max-image-preview:large, max-video-preview:-1\" \/>\n<link rel=\"canonical\" href=\"https:\/\/cimko.cd\/?page_id=325\" \/>\n<meta property=\"og:locale\" content=\"fr_FR\" \/>\n<meta property=\"og:type\" content=\"article\" \/>\n<meta property=\"og:title\" content=\"Contacts - cimko\" \/>\n<meta property=\"og:description\" content=\"[vc_row css=&#8221;.vc_custom_1541081633863{margin-top: -20px !important;}&#8221;][vc_column][wgl_spacing spacer_size=&#8221;30px&#8221;][wgl_double_headings align=&#8221;center&#8221; title_color=&#8221;#151515&#8243; subtitle_color=&#8221;#22a2d1&#8243; title=&#8221;Contacter Nous Maintenant&#8221; subtitle=&#8221;Restons en contact&#8221;][wgl_spacing spacer_size=&#8221;21&#8243;][vc_row_inner][vc_column_inner offset=&#8221;vc_col-lg-offset-2 vc_col-lg-8&#8243;][vc_column_text] Nos collaborateurs uniques et passionn\u00e9s travaillent aux c\u00f4t\u00e9s de nos clients \u00e0 chaque \u00e9tape du processus &#8211; en se souciant davantage, en le disant tel qu&#8217;il est &#8211; pour anticiper et surmonter tous les obstacles au changement. [\/vc_column_text][\/vc_column_inner][\/vc_row_inner][wgl_spacing [&hellip;]\" \/>\n<meta property=\"og:url\" content=\"https:\/\/cimko.cd\/?page_id=325\" \/>\n<meta property=\"og:site_name\" content=\"cimko\" \/>\n<meta property=\"article:publisher\" content=\"https:\/\/web.facebook.com\/CimenterieKongo?_rdc=1&amp;amp%3bamp%3bamp%3bamp%3bamp%3bamp%3bamp%3bamp%3bamp%3bamp%3b_rdr\" \/>\n<meta property=\"article:modified_time\" content=\"2023-11-09T06:12:51+00:00\" \/>\n<meta name=\"twitter:card\" content=\"summary_large_image\" \/>\n<meta name=\"twitter:site\" content=\"@CimkoRdc\" \/>\n<meta name=\"twitter:label1\" content=\"Dur\u00e9e de lecture estim\u00e9e\" \/>\n\t<meta name=\"twitter:data1\" content=\"1 minute\" \/>\n<script type=\"application\/ld+json\" class=\"yoast-schema-graph\">{\"@context\":\"https:\/\/schema.org\",\"@graph\":[{\"@type\":\"WebPage\",\"@id\":\"https:\/\/cimko.cd\/?page_id=325\",\"url\":\"https:\/\/cimko.cd\/?page_id=325\",\"name\":\"Contacts - cimko\",\"isPartOf\":{\"@id\":\"https:\/\/cimko.cd\/#website\"},\"datePublished\":\"2018-11-01T13:30:02+00:00\",\"dateModified\":\"2023-11-09T06:12:51+00:00\",\"breadcrumb\":{\"@id\":\"https:\/\/cimko.cd\/?page_id=325#breadcrumb\"},\"inLanguage\":\"fr-FR\",\"potentialAction\":[{\"@type\":\"ReadAction\",\"target\":[\"https:\/\/cimko.cd\/?page_id=325\"]}]},{\"@type\":\"BreadcrumbList\",\"@id\":\"https:\/\/cimko.cd\/?page_id=325#breadcrumb\",\"itemListElement\":[{\"@type\":\"ListItem\",\"position\":1,\"name\":\"Accueil\",\"item\":\"https:\/\/cimko.cd\/\"},{\"@type\":\"ListItem\",\"position\":2,\"name\":\"Contacts\"}]},{\"@type\":\"WebSite\",\"@id\":\"https:\/\/cimko.cd\/#website\",\"url\":\"https:\/\/cimko.cd\/\",\"name\":\"cimko\",\"description\":\"Construire un congo meilleur\",\"publisher\":{\"@id\":\"https:\/\/cimko.cd\/#organization\"},\"potentialAction\":[{\"@type\":\"SearchAction\",\"target\":{\"@type\":\"EntryPoint\",\"urlTemplate\":\"https:\/\/cimko.cd\/?s={search_term_string}\"},\"query-input\":\"required name=search_term_string\"}],\"inLanguage\":\"fr-FR\"},{\"@type\":\"Organization\",\"@id\":\"https:\/\/cimko.cd\/#organization\",\"name\":\"Cimko\",\"url\":\"https:\/\/cimko.cd\/\",\"logo\":{\"@type\":\"ImageObject\",\"inLanguage\":\"fr-FR\",\"@id\":\"https:\/\/cimko.cd\/#\/schema\/logo\/image\/\",\"url\":\"https:\/\/cimko.cd\/wp-content\/uploads\/2021\/04\/logo.png\",\"contentUrl\":\"https:\/\/cimko.cd\/wp-content\/uploads\/2021\/04\/logo.png\",\"width\":225,\"height\":225,\"caption\":\"Cimko\"},\"image\":{\"@id\":\"https:\/\/cimko.cd\/#\/schema\/logo\/image\/\"},\"sameAs\":[\"https:\/\/web.facebook.com\/CimenterieKongo?_rdc=1&amp;amp;amp;amp;amp;amp;amp;amp;amp;amp;_rdr\",\"https:\/\/twitter.com\/CimkoRdc\",\"https:\/\/www.youtube.com\/channel\/UCtV0Hd19dUoDn7rE5Xv580A\"]}]}<\/script>\n<!-- \/ Yoast SEO plugin. -->","yoast_head_json":{"title":"Contacts - cimko","robots":{"index":"index","follow":"follow","max-snippet":"max-snippet:-1","max-image-preview":"max-image-preview:large","max-video-preview":"max-video-preview:-1"},"canonical":"https:\/\/cimko.cd\/?page_id=325","og_locale":"fr_FR","og_type":"article","og_title":"Contacts - cimko","og_description":"[vc_row css=&#8221;.vc_custom_1541081633863{margin-top: -20px !important;}&#8221;][vc_column][wgl_spacing spacer_size=&#8221;30px&#8221;][wgl_double_headings align=&#8221;center&#8221; title_color=&#8221;#151515&#8243; subtitle_color=&#8221;#22a2d1&#8243; title=&#8221;Contacter Nous Maintenant&#8221; subtitle=&#8221;Restons en contact&#8221;][wgl_spacing spacer_size=&#8221;21&#8243;][vc_row_inner][vc_column_inner offset=&#8221;vc_col-lg-offset-2 vc_col-lg-8&#8243;][vc_column_text] Nos collaborateurs uniques et passionn\u00e9s travaillent aux c\u00f4t\u00e9s de nos clients \u00e0 chaque \u00e9tape du processus &#8211; en se souciant davantage, en le disant tel qu&#8217;il est &#8211; pour anticiper et surmonter tous les obstacles au changement. [\/vc_column_text][\/vc_column_inner][\/vc_row_inner][wgl_spacing [&hellip;]","og_url":"https:\/\/cimko.cd\/?page_id=325","og_site_name":"cimko","article_publisher":"https:\/\/web.facebook.com\/CimenterieKongo?_rdc=1&amp%3bamp%3bamp%3bamp%3bamp%3bamp%3bamp%3bamp%3bamp%3bamp%3b_rdr","article_modified_time":"2023-11-09T06:12:51+00:00","twitter_card":"summary_large_image","twitter_site":"@CimkoRdc","twitter_misc":{"Dur\u00e9e de lecture estim\u00e9e":"1 minute"},"schema":{"@context":"https:\/\/schema.org","@graph":[{"@type":"WebPage","@id":"https:\/\/cimko.cd\/?page_id=325","url":"https:\/\/cimko.cd\/?page_id=325","name":"Contacts - cimko","isPartOf":{"@id":"https:\/\/cimko.cd\/#website"},"datePublished":"2018-11-01T13:30:02+00:00","dateModified":"2023-11-09T06:12:51+00:00","breadcrumb":{"@id":"https:\/\/cimko.cd\/?page_id=325#breadcrumb"},"inLanguage":"fr-FR","potentialAction":[{"@type":"ReadAction","target":["https:\/\/cimko.cd\/?page_id=325"]}]},{"@type":"BreadcrumbList","@id":"https:\/\/cimko.cd\/?page_id=325#breadcrumb","itemListElement":[{"@type":"ListItem","position":1,"name":"Accueil","item":"https:\/\/cimko.cd\/"},{"@type":"ListItem","position":2,"name":"Contacts"}]},{"@type":"WebSite","@id":"https:\/\/cimko.cd\/#website","url":"https:\/\/cimko.cd\/","name":"cimko","description":"Construire un congo meilleur","publisher":{"@id":"https:\/\/cimko.cd\/#organization"},"potentialAction":[{"@type":"SearchAction","target":{"@type":"EntryPoint","urlTemplate":"https:\/\/cimko.cd\/?s={search_term_string}"},"query-input":"required name=search_term_string"}],"inLanguage":"fr-FR"},{"@type":"Organization","@id":"https:\/\/cimko.cd\/#organization","name":"Cimko","url":"https:\/\/cimko.cd\/","logo":{"@type":"ImageObject","inLanguage":"fr-FR","@id":"https:\/\/cimko.cd\/#\/schema\/logo\/image\/","url":"https:\/\/cimko.cd\/wp-content\/uploads\/2021\/04\/logo.png","contentUrl":"https:\/\/cimko.cd\/wp-content\/uploads\/2021\/04\/logo.png","width":225,"height":225,"caption":"Cimko"},"image":{"@id":"https:\/\/cimko.cd\/#\/schema\/logo\/image\/"},"sameAs":["https:\/\/web.facebook.com\/CimenterieKongo?_rdc=1&amp;amp;amp;amp;amp;amp;amp;amp;amp;amp;_rdr","https:\/\/twitter.com\/CimkoRdc","https:\/\/www.youtube.com\/channel\/UCtV0Hd19dUoDn7rE5Xv580A"]}]}},"_links":{"self":[{"href":"https:\/\/cimko.cd\/index.php?rest_route=\/wp\/v2\/pages\/325"}],"collection":[{"href":"https:\/\/cimko.cd\/index.php?rest_route=\/wp\/v2\/pages"}],"about":[{"href":"https:\/\/cimko.cd\/index.php?rest_route=\/wp\/v2\/types\/page"}],"author":[{"embeddable":true,"href":"https:\/\/cimko.cd\/index.php?rest_route=\/wp\/v2\/users\/1"}],"replies":[{"embeddable":true,"href":"https:\/\/cimko.cd\/index.php?rest_route=%2Fwp%2Fv2%2Fcomments&post=325"}],"version-history":[{"count":9,"href":"https:\/\/cimko.cd\/index.php?rest_route=\/wp\/v2\/pages\/325\/revisions"}],"predecessor-version":[{"id":232684,"href":"https:\/\/cimko.cd\/index.php?rest_route=\/wp\/v2\/pages\/325\/revisions\/232684"}],"wp:attachment":[{"href":"https:\/\/cimko.cd\/index.php?rest_route=%2Fwp%2Fv2%2Fmedia&parent=325"}],"curies":[{"name":"wp","href":"https:\/\/api.w.org\/{rel}","templated":true}]}}